{"id":259,"date":"2022-09-17T17:53:39","date_gmt":"2022-09-17T14:53:39","guid":{"rendered":"https:\/\/redgategroup.eu\/?page_id=259"},"modified":"2023-05-14T11:50:50","modified_gmt":"2023-05-14T08:50:50","slug":"group-page","status":"publish","type":"page","link":"https:\/\/redgategroup.eu\/et\/","title":{"rendered":"Grupi leht"},"content":{"rendered":"\t<section class=\"section selection-bg hide-for-small is-full-height\" id=\"section_575869256\">\n\t\t<div class=\"bg section-bg fill bg-fill bg-loaded bg-loaded\" >\n\n\t\t\t\n\t\t\t\n\t\t\t\n\n\t\t<\/div>\n\n\t\t\n\n\t\t<div class=\"section-content relative\">\n\t\t\t\n<div class=\"row wrapper-three\"  id=\"row-60851055\">\n\n\t<div id=\"col-174327048\" class=\"col small-12 large-12\"  >\n\t\t\t\t<div class=\"col-inner\"  >\n\t\t\t\n\t\t\t\n<div class=\"row title-row\"  id=\"row-1486823185\">\n\n\t<div id=\"col-1344678866\" class=\"col small-12 large-12\"  >\n\t\t\t\t<div class=\"col-inner\"  >\n\t\t\t\n\t\t\t\n\t<div id=\"text-1805351348\" class=\"text\">\n\t\t\n<h5>L\u00c4HEN EDASI<\/h5>\n\t\t\n<style>\n#text-1805351348 {\n  color: rgb(251, 235, 211);\n}\n#text-1805351348 > * {\n  color: rgb(251, 235, 211);\n}\n<\/style>\n\t<\/div>\n\t\n\t\t<\/div>\n\t\t\t\t\t<\/div>\n\n\t\n\n<style>\n#row-1486823185 > .col > .col-inner {\n  padding: 100px 0px 0px 0px;\n}\n<\/style>\n<\/div>\n<div class=\"row content-row\"  id=\"row-108520365\">\n\n\t<div id=\"col-1568136018\" class=\"col medium-4 small-12 large-4\"  >\n\t\t\t\t<div class=\"col-inner dark\"  >\n\t\t\t\n\t\t\t\n<p><a href=\"https:\/\/redgatecapital.eu\/\"><img loading=\"lazy\" decoding=\"async\" class=\"size-full wp-image-222\" src=\"https:\/\/redgategroup.eu\/wp-content\/uploads\/Redgate_logo_white_1.png\" alt=\"Redgate Capital\" title=\"Redgate Capital\" width=\"348\" height=\"40\" \/><\/a><\/p>\n\t<div id=\"gap-1455246814\" class=\"gap-element clearfix\" style=\"display:block; height:auto;\">\n\t\t\n<style>\n#gap-1455246814 {\n  padding-top: 15px;\n}\n<\/style>\n\t<\/div>\n\t\n<h5><a href=\"https:\/\/redgatecapital.eu\/\">Ettev\u00f5tete finantsn\u00f5ustamine<\/a><\/h5>\n\t<div id=\"gap-2040552827\" class=\"gap-element clearfix\" style=\"display:block; height:auto;\">\n\t\t\n<style>\n#gap-2040552827 {\n  padding-top: 5vh;\n}\n<\/style>\n\t<\/div>\n\t\n<a href=\"https:\/\/redgatecapital.eu\/\" target=\"_self\" class=\"button white is-link beige-arrow right-arrow\"  >\n\t  \t \t\n  <span>K\u00fclasta lehte<\/span>\n  <img loading=\"lazy\" decoding=\"async\" src=\"https:\/\/redgategroup.eu\/wp-content\/themes\/redgate\/assets\/images\/Redgate_arrow_white.png\" class=\"button-arrow\" width=\"32\" height=\"8\" alt=\"Button arrow\" style=\"margin-right: 5px; transform: rotate(180deg);\"> \n<\/a>\n\n\t\t<\/div>\n\t\t\t\t\t<\/div>\n\n\t\n\n\t<div id=\"col-1958787379\" class=\"col medium-4 small-12 large-4\"  >\n\t\t\t\t<div class=\"col-inner dark\"  >\n\t\t\t\n\t\t\t\n<p><a href=\"https:\/\/redgatewealth.eu\"><img loading=\"lazy\" decoding=\"async\" class=\"size-full wp-image-304\" src=\"https:\/\/redgategroup.eu\/wp-content\/uploads\/Redgate_Wealth_logo_light.png\" alt=\"\" width=\"227\" height=\"40\" \/><\/a><\/p>\n\t<div id=\"gap-1432104921\" class=\"gap-element clearfix\" style=\"display:block; height:auto;\">\n\t\t\n<style>\n#gap-1432104921 {\n  padding-top: 15px;\n}\n<\/style>\n\t<\/div>\n\t\n<h5><a href=\"https:\/\/redgatewealth.eu\">Investeeringute juhtimine<\/a><\/h5>\n\t<div id=\"gap-647334760\" class=\"gap-element clearfix\" style=\"display:block; height:auto;\">\n\t\t\n<style>\n#gap-647334760 {\n  padding-top: 5vh;\n}\n<\/style>\n\t<\/div>\n\t\n<a href=\"https:\/\/redgatewealth.eu\" target=\"_self\" class=\"button white is-link beige-arrow right-arrow\"  >\n\t  \t \t\n  <span>K\u00fclasta lehte<\/span>\n  <img loading=\"lazy\" decoding=\"async\" src=\"https:\/\/redgategroup.eu\/wp-content\/themes\/redgate\/assets\/images\/Redgate_arrow_white.png\" class=\"button-arrow\" width=\"32\" height=\"8\" alt=\"Button arrow\" style=\"margin-right: 5px; transform: rotate(180deg);\"> \n<\/a>\n\n\t\t<\/div>\n\t\t\t\t\n<style>\n#col-1958787379 > .col-inner {\n  padding: 0px 20px 0px 0px;\n}\n<\/style>\n\t<\/div>\n\n\t\n\n\t<div id=\"col-1939721228\" class=\"col medium-4 small-12 large-4\"  >\n\t\t\t\t<div class=\"col-inner dark\"  >\n\t\t\t\n\t\t\t\n<p><a href=\"https:\/\/redgatefunds.eu\"><img loading=\"lazy\" decoding=\"async\" class=\"size-full wp-image-222\" src=\"https:\/\/redgatefunds.eu\/wp-content\/uploads\/Redgate_Fund_Management_logo_white_1.png\" alt=\"Redgate Fund Management\" title=\"Redgate Fund Management\" width=\"348\" height=\"40\" srcset=\"https:\/\/redgategroup.eu\/wp-content\/uploads\/Redgate_Fund_Management_logo_white_1.png 696w, https:\/\/redgategroup.eu\/wp-content\/uploads\/Redgate_Fund_Management_logo_white_1-300x34.png 300w\" sizes=\"(max-width: 348px) 100vw, 348px\" \/><\/a><\/p>\n\t<div id=\"gap-1778322742\" class=\"gap-element clearfix\" style=\"display:block; height:auto;\">\n\t\t\n<style>\n#gap-1778322742 {\n  padding-top: 15px;\n}\n<\/style>\n\t<\/div>\n\t\n<h5><a href=\"https:\/\/redgatefunds.eu\">Fondivalitsemine<\/a><\/h5>\n\t<div id=\"gap-58587350\" class=\"gap-element clearfix\" style=\"display:block; height:auto;\">\n\t\t\n<style>\n#gap-58587350 {\n  padding-top: 5vh;\n}\n<\/style>\n\t<\/div>\n\t\n<a href=\"https:\/\/redgatefunds.eu\" target=\"_self\" class=\"button white is-link beige-arrow right-arrow\"  >\n\t  \t \t\n  <span>K\u00fclasta lehte<\/span>\n  <img loading=\"lazy\" decoding=\"async\" src=\"https:\/\/redgategroup.eu\/wp-content\/themes\/redgate\/assets\/images\/Redgate_arrow_white.png\" class=\"button-arrow\" width=\"32\" height=\"8\" alt=\"Button arrow\" style=\"margin-right: 5px; transform: rotate(180deg);\"> \n<\/a>\n\n\t\t<\/div>\n\t\t\t\t\t<\/div>\n\n\t\n<\/div>\n\t\t<\/div>\n\t\t\t\t\t<\/div>\n\n\t\n<\/div>\n<div class=\"row align-center group-footer\"  id=\"row-2076832503\">\n\n\t<div id=\"col-518189656\" class=\"col medium-8 small-12 large-8\"  >\n\t\t\t\t<div class=\"col-inner\"  >\n\t\t\t\n\t\t\t\n<p>Oleme s\u00f5ltumatu, partnerlusel p\u00f5hinev grupp. <strong>Redgate Capital<\/strong> aitab ettev\u00f5tetel kasvada &#8211; n\u00f5ustades kapitali kaasamist, ettev\u00f5tete \u00fchinemiste ja omandamiste ning \u00e4rikinnisvara tehinguid. <strong>Redgate Wealth<\/strong> aitab kasvatada investeeringuid personaalse ning tervikliku varade juhtimise kaudu. <strong>Redgate Fund Management<\/strong> on fokusseeritud fondivalitseja, mis haldab alternatiivsete varaklassidesse investeerivaid fonde.<\/p>\n\t\t<\/div>\n\t\t\t\t\t<\/div>\n\n\t\n\n\t<div id=\"col-676038158\" class=\"col medium-4 small-12 large-4\"  >\n\t\t\t\t<div class=\"col-inner text-right\"  >\n\t\t\t\n\t\t\t\n\n<div class=\"wpml-ls-statics-shortcode_actions wpml-ls wpml-ls-legacy-list-horizontal\">\n\t<ul role=\"menu\"><li class=\"wpml-ls-slot-shortcode_actions wpml-ls-item wpml-ls-item-en wpml-ls-first-item wpml-ls-item-legacy-list-horizontal\" role=\"none\">\n\t\t\t\t<a href=\"https:\/\/redgategroup.eu\/\" class=\"wpml-ls-link\" role=\"menuitem\"  aria-label=\"Switch to EN(EN)\" title=\"Switch to EN(EN)\" >\n                    <span class=\"wpml-ls-native\" lang=\"en\">EN<\/span><\/a>\n\t\t\t<\/li><li class=\"wpml-ls-slot-shortcode_actions wpml-ls-item wpml-ls-item-et wpml-ls-current-language wpml-ls-last-item wpml-ls-item-legacy-list-horizontal\" role=\"none\">\n\t\t\t\t<a href=\"https:\/\/redgategroup.eu\/et\/\" class=\"wpml-ls-link\" role=\"menuitem\" >\n                    <span class=\"wpml-ls-native\" role=\"menuitem\">ET<\/span><\/a>\n\t\t\t<\/li><\/ul>\n<\/div>\n\n\t\t<\/div>\n\t\t\t\t\t<\/div>\n\n\t\n\n<style>\n#row-2076832503 > .col > .col-inner {\n  padding: 20px 0px 0px 0px;\n}\n<\/style>\n<\/div>\n\t\t<\/div>\n\n\t\t\n<style>\n#section_575869256 {\n  padding-top: 30px;\n  padding-bottom: 30px;\n  min-height: 100vh;\n  background-color: #21315d;\n}\n#section_575869256 .ux-shape-divider--top svg {\n  height: 150px;\n  --divider-top-width: 100%;\n}\n#section_575869256 .ux-shape-divider--bottom svg {\n  height: 150px;\n  --divider-width: 100%;\n}\n<\/style>\n\t<\/section>\n\t\n\t<section class=\"section show-for-small\" id=\"section_818584725\">\n\t\t<div class=\"bg section-bg fill bg-fill bg-loaded bg-loaded\" >\n\n\t\t\t\n\t\t\t\n\t\t\t\n\n\t\t<\/div>\n\n\t\t\n\n\t\t<div class=\"section-content relative\">\n\t\t\t\n<div class=\"row selection-mobile-red\"  id=\"row-826575254\">\n\n\t<div id=\"col-1137733252\" class=\"col small-12 large-12\"  >\n\t\t\t\t<div class=\"col-inner\"  >\n\t\t\t\n\t\t\t\n\t<div id=\"text-1400320023\" class=\"text\">\n\t\t\n<h5>L\u00c4HEN EDASI<\/h5>\n\t\t\n<style>\n#text-1400320023 {\n  color: rgb(251, 235, 211);\n}\n#text-1400320023 > * {\n  color: rgb(251, 235, 211);\n}\n<\/style>\n\t<\/div>\n\t\n\t\t<\/div>\n\t\t\t\t\n<style>\n#col-1137733252 > .col-inner {\n  padding: 40px 0px 0px 0px;\n}\n<\/style>\n\t<\/div>\n\n\t\n\n\t<div id=\"col-1964692443\" class=\"col small-12 large-12\"  >\n\t\t\t\t<div class=\"col-inner dark\"  >\n\t\t\t\n\t\t\t\n<p><a href=\"https:\/\/redgatecapital.eu\/en\"><img loading=\"lazy\" decoding=\"async\" class=\"size-full wp-image-222\" src=\"https:\/\/redgategroup.eu\/wp-content\/uploads\/Redgate_logo_white_1.png\" alt=\"Redgate Capital\" title=\"Redgate Capital\" width=\"348\" height=\"40\" \/><\/a><\/p>\n\t<div id=\"gap-1557878131\" class=\"gap-element clearfix\" style=\"display:block; height:auto;\">\n\t\t\n<style>\n#gap-1557878131 {\n  padding-top: 10px;\n}\n@media (min-width:550px) {\n  #gap-1557878131 {\n    padding-top: 30px;\n  }\n}\n<\/style>\n\t<\/div>\n\t\n<h5><a href=\"https:\/\/redgatecapital.eu\/en\">Finantsn\u00f5ustamine<\/a><\/h5>\n\t<div id=\"gap-949852055\" class=\"gap-element clearfix\" style=\"display:block; height:auto;\">\n\t\t\n<style>\n#gap-949852055 {\n  padding-top: 5vh;\n}\n<\/style>\n\t<\/div>\n\t\n<a href=\"https:\/\/redgatecapital.eu\/en\" target=\"_self\" class=\"button white is-link beige-arrow right-arrow\"  >\n\t  \t \t\n  <span>K\u00fclasta lehte<\/span>\n  <img loading=\"lazy\" decoding=\"async\" src=\"https:\/\/redgategroup.eu\/wp-content\/themes\/redgate\/assets\/images\/Redgate_arrow_white.png\" class=\"button-arrow\" width=\"32\" height=\"8\" alt=\"Button arrow\" style=\"margin-right: 5px; transform: rotate(180deg);\"> \n<\/a>\n\n\t\t<\/div>\n\t\t\t\t\n<style>\n#col-1964692443 > .col-inner {\n  padding: 20px 0px 20px 0px;\n}\n<\/style>\n\t<\/div>\n\n\t\n\n<style>\n#row-826575254 > .col > .col-inner {\n  background-color: #f33a3b;\n}\n<\/style>\n<\/div>\n<div class=\"row selection-mobile-beige\"  id=\"row-926795186\">\n\n\t<div id=\"col-1854643542\" class=\"col small-12 large-12\"  >\n\t\t\t\t<div class=\"col-inner dark\"  >\n\t\t\t\n\t\t\t\n<p><a href=\"https:\/\/redgatewealth.eu\"><img loading=\"lazy\" decoding=\"async\" class=\"size-full wp-image-304\" src=\"https:\/\/redgategroup.eu\/wp-content\/uploads\/Redgate_Wealth_logo_light.png\" alt=\"\" width=\"227\" height=\"40\" \/><\/a><\/p>\n\t<div id=\"gap-1842889549\" class=\"gap-element clearfix\" style=\"display:block; height:auto;\">\n\t\t\n<style>\n#gap-1842889549 {\n  padding-top: 10px;\n}\n@media (min-width:550px) {\n  #gap-1842889549 {\n    padding-top: 30px;\n  }\n}\n<\/style>\n\t<\/div>\n\t\n<h5><a href=\"https:\/\/redgatewealth.eu\">Investeeringute juhtimine<\/a><\/h5>\n\t<div id=\"gap-385688354\" class=\"gap-element clearfix\" style=\"display:block; height:auto;\">\n\t\t\n<style>\n#gap-385688354 {\n  padding-top: 5vh;\n}\n<\/style>\n\t<\/div>\n\t\n<a href=\"https:\/\/redgatewealth.eu\" target=\"_self\" class=\"button white is-link beige-arrow right-arrow\"  >\n\t  \t \t\n  <span>K\u00fclasta lehte<\/span>\n  <img loading=\"lazy\" decoding=\"async\" src=\"https:\/\/redgategroup.eu\/wp-content\/themes\/redgate\/assets\/images\/Redgate_arrow_white.png\" class=\"button-arrow\" width=\"32\" height=\"8\" alt=\"Button arrow\" style=\"margin-right: 5px; transform: rotate(180deg);\"> \n<\/a>\n\n\t\t<\/div>\n\t\t\t\t\n<style>\n#col-1854643542 > .col-inner {\n  padding: 40px 0px 40px 0px;\n}\n<\/style>\n\t<\/div>\n\n\t\n\n<style>\n#row-926795186 > .col > .col-inner {\n  background-color: rgb(146, 35, 35);\n}\n<\/style>\n<\/div>\n<div class=\"row selection-mobile-blue\"  id=\"row-166555951\">\n\n\t<div id=\"col-754421743\" class=\"col small-12 large-12\"  >\n\t\t\t\t<div class=\"col-inner dark\"  >\n\t\t\t\n\t\t\t\n<p><a href=\"https:\/\/redgatefunds.eu\"><img loading=\"lazy\" decoding=\"async\" class=\"size-full wp-image-222\" src=\"https:\/\/redgatefunds.eu\/wp-content\/uploads\/Redgate_Fund_Management_logo_white_1.png\" alt=\"\" width=\"348\" height=\"40\" srcset=\"https:\/\/redgategroup.eu\/wp-content\/uploads\/Redgate_Fund_Management_logo_white_1.png 696w, https:\/\/redgategroup.eu\/wp-content\/uploads\/Redgate_Fund_Management_logo_white_1-300x34.png 300w\" sizes=\"(max-width: 348px) 100vw, 348px\" \/><\/a><\/p>\n\t<div id=\"gap-813699624\" class=\"gap-element clearfix\" style=\"display:block; height:auto;\">\n\t\t\n<style>\n#gap-813699624 {\n  padding-top: 10px;\n}\n@media (min-width:550px) {\n  #gap-813699624 {\n    padding-top: 30px;\n  }\n}\n<\/style>\n\t<\/div>\n\t\n<h5><a href=\"https:\/\/redgatefunds.eu\">Fondivalitsemine<\/a><\/h5>\n\t<div id=\"gap-6174232\" class=\"gap-element clearfix\" style=\"display:block; height:auto;\">\n\t\t\n<style>\n#gap-6174232 {\n  padding-top: 5vh;\n}\n<\/style>\n\t<\/div>\n\t\n<a href=\"https:\/\/redgatefunds.eu\" target=\"_self\" class=\"button white is-link beige-arrow right-arrow\"  >\n\t  \t \t\n  <span>K\u00fclasta lehte<\/span>\n  <img loading=\"lazy\" decoding=\"async\" src=\"https:\/\/redgategroup.eu\/wp-content\/themes\/redgate\/assets\/images\/Redgate_arrow_white.png\" class=\"button-arrow\" width=\"32\" height=\"8\" alt=\"Button arrow\" style=\"margin-right: 5px; transform: rotate(180deg);\"> \n<\/a>\n\n\t\t<\/div>\n\t\t\t\t\n<style>\n#col-754421743 > .col-inner {\n  padding: 40px 0px 40px 0px;\n}\n<\/style>\n\t<\/div>\n\n\t\n\n<style>\n#row-166555951 > .col > .col-inner {\n  background-color: rgb(17, 29, 58);\n}\n<\/style>\n<\/div>\n<div class=\"row align-center\"  id=\"row-1049845153\">\n\n\t<div id=\"col-656580657\" class=\"col small-12 large-12\"  >\n\t\t\t\t<div class=\"col-inner\"  >\n\t\t\t\n\t\t\t\n<p>Oleme s\u00f5ltumatu, partnerlusel p\u00f5hinev ettev\u00f5te. Redgate Capital pakub laias valikus finantsn\u00f5ustamise teenuseid Balti ettev\u00f5tetele. 2022. aastal lisandus meie ettev\u00f5tete gruppi fondivalitseja Redgate Fund Management.<\/p>\n\t\t<\/div>\n\t\t\t\t\t<\/div>\n\n\t\n\n\t<div id=\"col-1366480688\" class=\"col small-12 large-12\"  >\n\t\t\t\t<div class=\"col-inner text-right\"  >\n\t\t\t\n\t\t\t\n\n<div class=\"wpml-ls-statics-shortcode_actions wpml-ls wpml-ls-legacy-list-horizontal\">\n\t<ul role=\"menu\"><li class=\"wpml-ls-slot-shortcode_actions wpml-ls-item wpml-ls-item-en wpml-ls-first-item wpml-ls-item-legacy-list-horizontal\" role=\"none\">\n\t\t\t\t<a href=\"https:\/\/redgategroup.eu\/\" class=\"wpml-ls-link\" role=\"menuitem\"  aria-label=\"Switch to EN(EN)\" title=\"Switch to EN(EN)\" >\n                    <span class=\"wpml-ls-native\" lang=\"en\">EN<\/span><\/a>\n\t\t\t<\/li><li class=\"wpml-ls-slot-shortcode_actions wpml-ls-item wpml-ls-item-et wpml-ls-current-language wpml-ls-last-item wpml-ls-item-legacy-list-horizontal\" role=\"none\">\n\t\t\t\t<a href=\"https:\/\/redgategroup.eu\/et\/\" class=\"wpml-ls-link\" role=\"menuitem\" >\n                    <span class=\"wpml-ls-native\" role=\"menuitem\">ET<\/span><\/a>\n\t\t\t<\/li><\/ul>\n<\/div>\n\n\t\t<\/div>\n\t\t\t\t\t<\/div>\n\n\t\n\n<style>\n#row-1049845153 > .col > .col-inner {\n  padding: 20px 0px 0px 0px;\n}\n<\/style>\n<\/div>\n\t\t<\/div>\n\n\t\t\n<style>\n#section_818584725 {\n  padding-top: 0px;\n  padding-bottom: 0px;\n}\n#section_818584725 .ux-shape-divider--top svg {\n  height: 150px;\n  --divider-top-width: 100%;\n}\n#section_818584725 .ux-shape-divider--bottom svg {\n  height: 150px;\n  --divider-width: 100%;\n}\n@media (min-width:550px) {\n  #section_818584725 {\n    padding-top: 30px;\n    padding-bottom: 30px;\n  }\n}\n<\/style>\n\t<\/section>\n\t\n","protected":false},"excerpt":{"rendered":"","protected":false},"author":1,"featured_media":0,"parent":0,"menu_order":0,"comment_status":"closed","ping_status":"closed","template":"page-blank-landingpage.php","meta":{"footnotes":""},"class_list":["post-259","page","type-page","status-publish","hentry"],"yoast_head":"<!-- This site is optimized with the Yoast SEO plugin v23.4 - https:\/\/yoast.com\/wordpress\/plugins\/seo\/ -->\n<title>Redgate Group<\/title>\n<meta name=\"description\" content=\"Oleme s\u00f5ltumatu, partnerlusel p\u00f5hinev ettev\u00f5te. Redgate Capital pakub laias valikus finantsn\u00f5ustamise teenuseid Balti ettev\u00f5tetele.\" \/>\n<meta name=\"robots\" content=\"index, follow, max-snippet:-1, max-image-preview:large, max-video-preview:-1\" \/>\n<link rel=\"canonical\" href=\"https:\/\/redgategroup.eu\/et\/\" \/>\n<meta property=\"og:locale\" content=\"et_EE\" \/>\n<meta property=\"og:type\" content=\"article\" \/>\n<meta property=\"og:title\" content=\"Redgate Group\" \/>\n<meta property=\"og:description\" content=\"Oleme s\u00f5ltumatu, partnerlusel p\u00f5hinev ettev\u00f5te. Redgate Capital pakub laias valikus finantsn\u00f5ustamise teenuseid Balti ettev\u00f5tetele.\" \/>\n<meta property=\"og:url\" content=\"https:\/\/redgategroup.eu\/et\/\" \/>\n<meta property=\"og:site_name\" content=\"Redgate Group\" \/>\n<meta property=\"article:modified_time\" content=\"2023-05-14T08:50:50+00:00\" \/>\n<meta property=\"og:image\" content=\"https:\/\/redgategroup.eu\/wp-content\/uploads\/Redgate_logo_white_1.png\" \/>\n<meta name=\"twitter:card\" content=\"summary_large_image\" \/>\n<meta name=\"twitter:label1\" content=\"Est. reading time\" \/>\n\t<meta name=\"twitter:data1\" content=\"3 minutit\" \/>\n<script type=\"application\/ld+json\" class=\"yoast-schema-graph\">{\"@context\":\"https:\/\/schema.org\",\"@graph\":[{\"@type\":\"WebPage\",\"@id\":\"https:\/\/redgategroup.eu\/et\/\",\"url\":\"https:\/\/redgategroup.eu\/et\/\",\"name\":\"Redgate Group\",\"isPartOf\":{\"@id\":\"https:\/\/redgategroup.eu\/#website\"},\"primaryImageOfPage\":{\"@id\":\"https:\/\/redgategroup.eu\/et\/#primaryimage\"},\"image\":{\"@id\":\"https:\/\/redgategroup.eu\/et\/#primaryimage\"},\"thumbnailUrl\":\"https:\/\/redgategroup.eu\/wp-content\/uploads\/Redgate_logo_white_1.png\",\"datePublished\":\"2022-09-17T14:53:39+00:00\",\"dateModified\":\"2023-05-14T08:50:50+00:00\",\"description\":\"Oleme s\u00f5ltumatu, partnerlusel p\u00f5hinev ettev\u00f5te. Redgate Capital pakub laias valikus finantsn\u00f5ustamise teenuseid Balti ettev\u00f5tetele.\",\"breadcrumb\":{\"@id\":\"https:\/\/redgategroup.eu\/et\/#breadcrumb\"},\"inLanguage\":\"et\",\"potentialAction\":[{\"@type\":\"ReadAction\",\"target\":[\"https:\/\/redgategroup.eu\/et\/\"]}]},{\"@type\":\"ImageObject\",\"inLanguage\":\"et\",\"@id\":\"https:\/\/redgategroup.eu\/et\/#primaryimage\",\"url\":\"https:\/\/redgategroup.eu\/wp-content\/uploads\/Redgate_logo_white_1.png\",\"contentUrl\":\"https:\/\/redgategroup.eu\/wp-content\/uploads\/Redgate_logo_white_1.png\"},{\"@type\":\"BreadcrumbList\",\"@id\":\"https:\/\/redgategroup.eu\/et\/#breadcrumb\",\"itemListElement\":[{\"@type\":\"ListItem\",\"position\":1,\"name\":\"Home\",\"item\":\"https:\/\/redgategroup.eu\/et\/\"},{\"@type\":\"ListItem\",\"position\":2,\"name\":\"Grupi leht\"}]},{\"@type\":\"WebSite\",\"@id\":\"https:\/\/redgategroup.eu\/#website\",\"url\":\"https:\/\/redgategroup.eu\/\",\"name\":\"Redgate Group\",\"description\":\"\",\"publisher\":{\"@id\":\"https:\/\/redgategroup.eu\/#organization\"},\"potentialAction\":[{\"@type\":\"SearchAction\",\"target\":{\"@type\":\"EntryPoint\",\"urlTemplate\":\"https:\/\/redgategroup.eu\/?s={search_term_string}\"},\"query-input\":{\"@type\":\"PropertyValueSpecification\",\"valueRequired\":true,\"valueName\":\"search_term_string\"}}],\"inLanguage\":\"et\"},{\"@type\":\"Organization\",\"@id\":\"https:\/\/redgategroup.eu\/#organization\",\"name\":\"Redgate Group\",\"url\":\"https:\/\/redgategroup.eu\/\",\"logo\":{\"@type\":\"ImageObject\",\"inLanguage\":\"et\",\"@id\":\"https:\/\/redgategroup.eu\/#\/schema\/logo\/image\/\",\"url\":\"https:\/\/redgategroup.eu\/wp-content\/uploads\/Redgate_logo.png\",\"contentUrl\":\"https:\/\/redgategroup.eu\/wp-content\/uploads\/Redgate_logo.png\",\"width\":450,\"height\":80,\"caption\":\"Redgate Group\"},\"image\":{\"@id\":\"https:\/\/redgategroup.eu\/#\/schema\/logo\/image\/\"}}]}<\/script>\n<!-- \/ Yoast SEO plugin. -->","yoast_head_json":{"title":"Redgate Group","description":"Oleme s\u00f5ltumatu, partnerlusel p\u00f5hinev ettev\u00f5te. Redgate Capital pakub laias valikus finantsn\u00f5ustamise teenuseid Balti ettev\u00f5tetele.","robots":{"index":"index","follow":"follow","max-snippet":"max-snippet:-1","max-image-preview":"max-image-preview:large","max-video-preview":"max-video-preview:-1"},"canonical":"https:\/\/redgategroup.eu\/et\/","og_locale":"et_EE","og_type":"article","og_title":"Redgate Group","og_description":"Oleme s\u00f5ltumatu, partnerlusel p\u00f5hinev ettev\u00f5te. Redgate Capital pakub laias valikus finantsn\u00f5ustamise teenuseid Balti ettev\u00f5tetele.","og_url":"https:\/\/redgategroup.eu\/et\/","og_site_name":"Redgate Group","article_modified_time":"2023-05-14T08:50:50+00:00","og_image":[{"url":"https:\/\/redgategroup.eu\/wp-content\/uploads\/Redgate_logo_white_1.png"}],"twitter_card":"summary_large_image","twitter_misc":{"Est. reading time":"3 minutit"},"schema":{"@context":"https:\/\/schema.org","@graph":[{"@type":"WebPage","@id":"https:\/\/redgategroup.eu\/et\/","url":"https:\/\/redgategroup.eu\/et\/","name":"Redgate Group","isPartOf":{"@id":"https:\/\/redgategroup.eu\/#website"},"primaryImageOfPage":{"@id":"https:\/\/redgategroup.eu\/et\/#primaryimage"},"image":{"@id":"https:\/\/redgategroup.eu\/et\/#primaryimage"},"thumbnailUrl":"https:\/\/redgategroup.eu\/wp-content\/uploads\/Redgate_logo_white_1.png","datePublished":"2022-09-17T14:53:39+00:00","dateModified":"2023-05-14T08:50:50+00:00","description":"Oleme s\u00f5ltumatu, partnerlusel p\u00f5hinev ettev\u00f5te. Redgate Capital pakub laias valikus finantsn\u00f5ustamise teenuseid Balti ettev\u00f5tetele.","breadcrumb":{"@id":"https:\/\/redgategroup.eu\/et\/#breadcrumb"},"inLanguage":"et","potentialAction":[{"@type":"ReadAction","target":["https:\/\/redgategroup.eu\/et\/"]}]},{"@type":"ImageObject","inLanguage":"et","@id":"https:\/\/redgategroup.eu\/et\/#primaryimage","url":"https:\/\/redgategroup.eu\/wp-content\/uploads\/Redgate_logo_white_1.png","contentUrl":"https:\/\/redgategroup.eu\/wp-content\/uploads\/Redgate_logo_white_1.png"},{"@type":"BreadcrumbList","@id":"https:\/\/redgategroup.eu\/et\/#breadcrumb","itemListElement":[{"@type":"ListItem","position":1,"name":"Home","item":"https:\/\/redgategroup.eu\/et\/"},{"@type":"ListItem","position":2,"name":"Grupi leht"}]},{"@type":"WebSite","@id":"https:\/\/redgategroup.eu\/#website","url":"https:\/\/redgategroup.eu\/","name":"Redgate Group","description":"","publisher":{"@id":"https:\/\/redgategroup.eu\/#organization"},"potentialAction":[{"@type":"SearchAction","target":{"@type":"EntryPoint","urlTemplate":"https:\/\/redgategroup.eu\/?s={search_term_string}"},"query-input":{"@type":"PropertyValueSpecification","valueRequired":true,"valueName":"search_term_string"}}],"inLanguage":"et"},{"@type":"Organization","@id":"https:\/\/redgategroup.eu\/#organization","name":"Redgate Group","url":"https:\/\/redgategroup.eu\/","logo":{"@type":"ImageObject","inLanguage":"et","@id":"https:\/\/redgategroup.eu\/#\/schema\/logo\/image\/","url":"https:\/\/redgategroup.eu\/wp-content\/uploads\/Redgate_logo.png","contentUrl":"https:\/\/redgategroup.eu\/wp-content\/uploads\/Redgate_logo.png","width":450,"height":80,"caption":"Redgate Group"},"image":{"@id":"https:\/\/redgategroup.eu\/#\/schema\/logo\/image\/"}}]}},"_links":{"self":[{"href":"https:\/\/redgategroup.eu\/et\/wp-json\/wp\/v2\/pages\/259"}],"collection":[{"href":"https:\/\/redgategroup.eu\/et\/wp-json\/wp\/v2\/pages"}],"about":[{"href":"https:\/\/redgategroup.eu\/et\/wp-json\/wp\/v2\/types\/page"}],"author":[{"embeddable":true,"href":"https:\/\/redgategroup.eu\/et\/wp-json\/wp\/v2\/users\/1"}],"replies":[{"embeddable":true,"href":"https:\/\/redgategroup.eu\/et\/wp-json\/wp\/v2\/comments?post=259"}],"version-history":[{"count":14,"href":"https:\/\/redgategroup.eu\/et\/wp-json\/wp\/v2\/pages\/259\/revisions"}],"predecessor-version":[{"id":343,"href":"https:\/\/redgategroup.eu\/et\/wp-json\/wp\/v2\/pages\/259\/revisions\/343"}],"wp:attachment":[{"href":"https:\/\/redgategroup.eu\/et\/wp-json\/wp\/v2\/media?parent=259"}],"curies":[{"name":"wp","href":"https:\/\/api.w.org\/{rel}","templated":true}]}}